{"id":3097,"date":"2021-02-26T12:06:02","date_gmt":"2021-02-26T11:06:02","guid":{"rendered":"https:\/\/wbv-avgm.ch\/?page_id=3097"},"modified":"2021-02-27T12:06:07","modified_gmt":"2021-02-27T11:06:07","slug":"declaration-de-confidentialite","status":"publish","type":"page","link":"https:\/\/wbv-avgm.ch\/fr\/declaration-de-confidentialite\/","title":{"rendered":"D\u00e9claration de confidentialit\u00e9"},"content":{"rendered":"<div id='grid-top'  class='av-layout-grid-container av-kjrd2jsc-a346f816738717e21b53cf2175d57d65 entry-content-wrapper main_color av-flex-cells av-break-at-tablet  avia-builder-el-0  el_before_av_section  avia-builder-el-first   container_wrap fullsize'  >\n\n<style type=\"text\/css\" data-created_by=\"avia_inline_auto\" id=\"style-css-av-2l2i-fc041ea73cc4d48a891d487be89e28bb\">\n.flex_cell.av-2l2i-fc041ea73cc4d48a891d487be89e28bb{\nvertical-align:middle;\n}\n.responsive #top #wrap_all .flex_cell.av-2l2i-fc041ea73cc4d48a891d487be89e28bb{\npadding:30px 30px 10px 30px !important;\n}\n<\/style>\n<div class='flex_cell av-2l2i-fc041ea73cc4d48a891d487be89e28bb av-gridrow-cell av_one_full no_margin  avia-builder-el-1  avia-builder-el-no-sibling  grid-top-standard content-align-middle'  ><div class='flex_cell_inner'>\n<style type=\"text\/css\" data-created_by=\"avia_inline_auto\" id=\"style-css-av-klnk0vnh-55c9efc41959638b9bc938472655b671\">\n#top .av-special-heading.av-klnk0vnh-55c9efc41959638b9bc938472655b671{\npadding-bottom:20px;\ncolor:#ffffff;\n}\nbody .av-special-heading.av-klnk0vnh-55c9efc41959638b9bc938472655b671 .av-special-heading-tag .heading-char{\nfont-size:25px;\n}\n.av-special-heading.av-klnk0vnh-55c9efc41959638b9bc938472655b671 .special-heading-inner-border{\nborder-color:#ffffff;\n}\n.av-special-heading.av-klnk0vnh-55c9efc41959638b9bc938472655b671 .av-subheading{\nfont-size:15px;\n}\n<\/style>\n<div  class='av-special-heading av-klnk0vnh-55c9efc41959638b9bc938472655b671 av-special-heading-h1 custom-color-heading blockquote modern-quote  avia-builder-el-2  avia-builder-el-no-sibling '><h1 class='av-special-heading-tag '  itemprop=\"headline\"  >D\u00e9claration de confidentialit\u00e9<\/h1><div class=\"special-heading-border\"><div class=\"special-heading-inner-border\"><\/div><\/div><\/div>\n<\/div><\/div>\n<\/div>\n<div id='av_section_1'  class='avia-section av-2wh25-e41e13aa940223b3838244d316dc9bd8 main_color avia-section-default avia-no-border-styling  avia-builder-el-3  el_after_av_layout_row  avia-builder-el-last  avia-bg-style-scroll container_wrap fullsize'  ><div class='container av-section-cont-open' ><div class='template-page content  av-content-full alpha units'><div class='post-entry post-entry-type-page post-entry-3097'><div class='entry-content-wrapper clearfix'>\n\n<style type=\"text\/css\" data-created_by=\"avia_inline_auto\" id=\"style-css-av-11z5l-df5226a1a499f94d4ddcc1d2c98cbc08\">\n.flex_column.av-11z5l-df5226a1a499f94d4ddcc1d2c98cbc08{\nborder-radius:0px 0px 0px 0px;\npadding:0px 0px 0px 0px;\n}\n<\/style>\n<div  class='flex_column av-11z5l-df5226a1a499f94d4ddcc1d2c98cbc08 av_three_fourth  avia-builder-el-4  avia-builder-el-no-sibling  first flex_column_div av-zero-column-padding  '     ><div  class='togglecontainer av-2ap6p-56c8c4dcc5cf7d804e9358440035e3e8  avia-builder-el-5  avia-builder-el-no-sibling ' >\n<section class='av_toggle_section av-gzka1-c6dd866a2bfb6dd8d4dcb409255af559'  itemscope=\"itemscope\" itemtype=\"https:\/\/schema.org\/CreativeWork\" ><div role=\"tablist\" class=\"single_toggle\" data-tags=\"{Tout} \"  ><p id='toggle-toggle-id-1' data-fake-id='#toggle-id-1' class='toggler  av-title-above '  itemprop=\"headline\"  role='tab' tabindex='0' aria-controls='toggle-id-1' data-slide-speed=\"200\" data-title=\"A. Informations sur la collecte de donn\u00e9es \u00e0 caract\u00e8re personnel\" data-title-open=\"\" data-aria_collapsed=\"Cliquez pour \u00e9tendre : A. Informations sur la collecte de donn\u00e9es \u00e0 caract\u00e8re personnel\" data-aria_expanded=\"Cliquez pour r\u00e9duire : A. Informations sur la collecte de donn\u00e9es \u00e0 caract\u00e8re personnel\">A. Informations sur la collecte de donn\u00e9es \u00e0 caract\u00e8re personnel<span class=\"toggle_icon\"><span class=\"vert_icon\"><\/span><span class=\"hor_icon\"><\/span><\/span><\/p><div id='toggle-id-1' aria-labelledby='toggle-toggle-id-1' role='region' class='toggle_wrap  av-title-above'  ><div class='toggle_content invers-color '  itemprop=\"text\" ><p><strong>1. Champ d\u2019application<\/strong><\/p>\n<p>Cette d\u00e9claration s\u2019applique aux pages Internet qui peuvent \u00eatre consult\u00e9es sur https:\/\/wbv-avgm.ch Veuillez noter que https:\/\/wbv-avgm.ch peut renvoyer \u00e0 d\u2019autres sites Web pour lesquels des r\u00e8gles de protection des donn\u00e9es diff\u00e9rentes peuvent s\u2019appliquer.<\/p>\n<p><strong>2. Personne responsable<\/strong><\/p>\n<p>Responsable du traitement est :<\/p>\n<p>Association valaisanne des guides de montagne<br \/>\nc\/o Bernhard Willisch<br \/>\nT\u00f6rbelstrasse 33<br \/>\nCH &#8211; 3922 Stalden<br \/>\n+41 78 802 45 13<br \/>\nbernhard.willisch@wbv-avgm.ch<\/p>\n<p><strong>3. La dur\u00e9e d\u2019effacement et de stockage<\/strong><\/p>\n<p>Les donn\u00e9es personnelles de la personne concern\u00e9e seront effac\u00e9es ou bloqu\u00e9es d\u00e8s que la finalit\u00e9 de la conservation ne s\u2019appliquera plus. Le stockage peut \u00e9galement avoir lieu si cela est pr\u00e9vu par la loi. Les donn\u00e9es sont \u00e9galement bloqu\u00e9es ou effac\u00e9es \u00e0 l\u2019expiration d\u2019un d\u00e9lai de conservation l\u00e9gal, sauf si cela est n\u00e9cessaire pour la conservation ult\u00e9rieure des donn\u00e9es en vue de la conclusion d\u2019un contrat ou de l\u2019ex\u00e9cution d\u2019un contrat.<\/p>\n<p><strong>4. L\u2019inclusion des prestataires de services et l\u2019utilisation des donn\u00e9es personnelles \u00e0 des fins publicitaires<\/strong><\/p>\n<p>Si nous souhaitons faire appel \u00e0 des prestataires de services sous contrat pour certaines fonctions de notre offre ou utiliser vos donn\u00e9es \u00e0 des fins publicitaires, nous vous informerons ci-dessous en d\u00e9tail sur les processus respectifs. Nous sp\u00e9cifions \u00e9galement les crit\u00e8res fixes pour la p\u00e9riode de stockage.<\/p>\n<\/div><\/div><\/div><\/section>\n<section class='av_toggle_section av-av_toggle-dbb3f956b3eeb450205c576d6fe23e63'  itemscope=\"itemscope\" itemtype=\"https:\/\/schema.org\/CreativeWork\" ><div role=\"tablist\" class=\"single_toggle\" data-tags=\"{Tout} \"  ><p id='toggle-toggle-id-2' data-fake-id='#toggle-id-2' class='toggler  av-title-above '  itemprop=\"headline\"  role='tab' tabindex='0' aria-controls='toggle-id-2' data-slide-speed=\"200\" data-title=\"B. Traitement des donn\u00e9es\" data-title-open=\"\" data-aria_collapsed=\"Cliquez pour \u00e9tendre : B. Traitement des donn\u00e9es\" data-aria_expanded=\"Cliquez pour r\u00e9duire : B. Traitement des donn\u00e9es\">B. Traitement des donn\u00e9es<span class=\"toggle_icon\"><span class=\"vert_icon\"><\/span><span class=\"hor_icon\"><\/span><\/span><\/p><div id='toggle-id-2' aria-labelledby='toggle-toggle-id-2' role='region' class='toggle_wrap  av-title-above'  ><div class='toggle_content invers-color '  itemprop=\"text\" ><p><strong>1. Traitement g\u00e9n\u00e9ral des donn\u00e9es lors de la visite de notre site web<\/strong><\/p>\n<p>Si vous n\u2019utilisez le site Web qu\u2019\u00e0 des fins d\u2019information, c\u2019est-\u00e0-dire si vous ne nous fournissez aucune autre information, nous ne recueillons que les donn\u00e9es personnelles que votre navigateur transmet \u00e0 notre serveur. Lorsque ces donn\u00e9es sont stock\u00e9es, elles ne sont pas affect\u00e9es \u00e0 une personne sp\u00e9cifique. Lorsque vous consultez notre site Web, nous recueillons les renseignements suivants qui sont techniquement n\u00e9cessaires pour que nous puissions vous pr\u00e9senter notre site Web et pour assurer la stabilit\u00e9 et la s\u00e9curit\u00e9 :<\/p>\n<ul>\n<li>adresse IP<\/li>\n<li>Date et heure de la demande<\/li>\n<li>Fuseau horaire par rapport \u00e0 l\u2019heure de Greenwich (GMT) Fuseau horaire<\/li>\n<li>Contenu de la demande (page concr\u00e8te)<\/li>\n<li>Code d\u2019\u00e9tat de l\u2019acc\u00e8s\/de l\u2019\u00e9tat HTTP<\/li>\n<li>Quantit\u00e9 de donn\u00e9es transf\u00e9r\u00e9es dans chaque cas<\/li>\n<li>Page Web d\u2019o\u00f9 provient la demande<\/li>\n<li>Navigateur (y compris la langue et la version)<\/li>\n<li>Syst\u00e8me d\u2019exploitation et version du logiciel de navigation.<\/li>\n<\/ul>\n<p><strong>2. contact par email<\/strong><\/p>\n<p>Lorsque vous nous contactez par e-mail, nous enregistrons les donn\u00e9es que vous nous fournissez (votre adresse e-mail, votre nom et votre num\u00e9ro de t\u00e9l\u00e9phone le cas \u00e9ch\u00e9ant) afin de prendre rendez-vous ou de r\u00e9pondre \u00e0 vos questions. Nous effa\u00e7ons les donn\u00e9es qui en d\u00e9coulent apr\u00e8s que le stockage n\u2019est plus n\u00e9cessaire ou limitons le traitement si des obligations l\u00e9gales de stockage existent.<\/p>\n<p><strong>3. les cookies<\/strong><\/p>\n<p>En plus des donn\u00e9es susmentionn\u00e9es, des cookies sont stock\u00e9s sur votre ordinateur lorsque vous utilisez notre site Web. Les cookies sont de petits fichiers texte qui sont stock\u00e9s sur votre disque dur et qui sont affect\u00e9s au navigateur que vous utilisez et \u00e0 travers lesquels certaines informations sont transmises \u00e0 l\u2019emplacement qui a plac\u00e9 le cookie (ici par nous). Les cookies ne peuvent pas ex\u00e9cuter de programmes ou transmettre des virus \u00e0 votre ordinateur. Ils servent \u00e0 rendre l\u2019offre Internet plus conviviale et plus efficace dans l\u2019ensemble.<\/p>\n<p>Notre site Web utilise les types de cookies suivants, dont la port\u00e9e et la fonction sont expliqu\u00e9es ci-dessous :<\/p>\n<p>Cookies transitoires (voir ci-dessous 3.1)<\/p>\n<p>les cookies persistants (voir 3.2 ci-dessous).<\/p>\n<p>3.1 T\u00e9moins transitoires<\/p>\n<p>Les cookies transitoires sont automatiquement supprim\u00e9s lorsque vous fermez votre navigateur. Cela inclut en particulier les cookies de session. Ils stockent un identifiant de session, qui peut \u00eatre utilis\u00e9 pour affecter diverses requ\u00eates de votre navigateur \u00e0 la session partag\u00e9e. Cela permet \u00e0 votre ordinateur d\u2019\u00eatre reconnu lorsque vous revenez sur notre site Web. Les cookies de session sont supprim\u00e9s lorsque vous vous d\u00e9connectez ou fermez votre navigateur.<\/p>\n<p>3.2 T\u00e9moins persistants<\/p>\n<p>Les cookies persistants sont automatiquement supprim\u00e9s apr\u00e8s une p\u00e9riode sp\u00e9cifi\u00e9e, qui peut varier en fonction du cookie. Vous pouvez supprimer les cookies dans les param\u00e8tres de s\u00e9curit\u00e9 de votre navigateur \u00e0 tout moment.<\/p>\n<p>3.3 R\u00e9glage des cookies<\/p>\n<p>Vous pouvez configurer les param\u00e8tres de votre navigateur en fonction de vos souhaits et, par exemple, refuser l\u2019acceptation de cookies tiers ou de tous les cookies. Nous attirons votre attention sur le fait que vous ne pourrez peut-\u00eatre pas utiliser toutes les fonctions de ce site Web.<\/p>\n<\/div><\/div><\/div><\/section>\n<section class='av_toggle_section av-av_toggle-4c2f1742a317acf048140226acd2e40c'  itemscope=\"itemscope\" itemtype=\"https:\/\/schema.org\/CreativeWork\" ><div role=\"tablist\" class=\"single_toggle\" data-tags=\"{Tout} \"  ><p id='toggle-toggle-id-3' data-fake-id='#toggle-id-3' class='toggler  av-title-above '  itemprop=\"headline\"  role='tab' tabindex='0' aria-controls='toggle-id-3' data-slide-speed=\"200\" data-title=\"C. Vos droits\" data-title-open=\"\" data-aria_collapsed=\"Cliquez pour \u00e9tendre : C. Vos droits\" data-aria_expanded=\"Cliquez pour r\u00e9duire : C. Vos droits\">C. Vos droits<span class=\"toggle_icon\"><span class=\"vert_icon\"><\/span><span class=\"hor_icon\"><\/span><\/span><\/p><div id='toggle-id-3' aria-labelledby='toggle-toggle-id-3' role='region' class='toggle_wrap  av-title-above'  ><div class='toggle_content invers-color '  itemprop=\"text\" ><p>Vous avez le droit de r\u00e9voquer \u00e0 tout moment votre consentement \u00e0 l\u2019utilisation de vos donn\u00e9es personnelles et de recevoir des informations sur toutes vos donn\u00e9es personnelles que nous enregistrons, de les v\u00e9rifier, de les corriger si n\u00e9cessaire, de les bloquer ou de les faire supprimer. Veuillez contacter le bureau responsable (voir coordonn\u00e9es ci-dessus).<\/p>\n<p>Une suppression ne peut avoir lieu que si nous sommes l\u00e9galement tenus de conserver vos donn\u00e9es personnelles. Dans ce cas, les donn\u00e9es seront bloqu\u00e9es.<\/p>\n<\/div><\/div><\/div><\/section>\n<section class='av_toggle_section av-av_toggle-239a941fa4cb595e4a7d8d4780868151'  itemscope=\"itemscope\" itemtype=\"https:\/\/schema.org\/CreativeWork\" ><div role=\"tablist\" class=\"single_toggle\" data-tags=\"{Tout} \"  ><p id='toggle-toggle-id-4' data-fake-id='#toggle-id-4' class='toggler  av-title-above '  itemprop=\"headline\"  role='tab' tabindex='0' aria-controls='toggle-id-4' data-slide-speed=\"200\" data-title=\"D. Susceptible de changer\" data-title-open=\"\" data-aria_collapsed=\"Cliquez pour \u00e9tendre : D. Susceptible de changer\" data-aria_expanded=\"Cliquez pour r\u00e9duire : D. Susceptible de changer\">D. Susceptible de changer<span class=\"toggle_icon\"><span class=\"vert_icon\"><\/span><span class=\"hor_icon\"><\/span><\/span><\/p><div id='toggle-id-4' aria-labelledby='toggle-toggle-id-4' role='region' class='toggle_wrap  av-title-above'  ><div class='toggle_content invers-color '  itemprop=\"text\" ><p>Nous nous r\u00e9servons le droit de modifier cette d\u00e9claration \u00e0 tout moment. Elle n\u2019\u00e9tablit aucun droit contractuel.<\/p>\n<p><strong>Situation : Janvier 2021<\/strong><\/p>\n<\/div><\/div><\/div><\/section>\n<\/div><\/div>\n","protected":false},"excerpt":{"rendered":"","protected":false},"author":1771,"featured_media":0,"parent":0,"menu_order":31,"comment_status":"closed","ping_status":"closed","template":"","meta":{"footnotes":"","_links_to":"","_links_to_target":""},"class_list":["post-3097","page","type-page","status-publish","hentry"],"yoast_head":"<!-- This site is optimized with the Yoast SEO plugin v27.5 - https:\/\/yoast.com\/product\/yoast-seo-wordpress\/ -->\n<title>D\u00e9claration de confidentialit\u00e9 - Walliser Bergf\u00fchrerverband<\/title>\n<meta name=\"robots\" content=\"index, follow, max-snippet:-1, max-image-preview:large, max-video-preview:-1\" \/>\n<link rel=\"canonical\" href=\"https:\/\/wbv-avgm.ch\/fr\/declaration-de-confidentialite\/\" \/>\n<meta property=\"og:locale\" content=\"fr_FR\" \/>\n<meta property=\"og:type\" content=\"article\" \/>\n<meta property=\"og:title\" content=\"D\u00e9claration de confidentialit\u00e9 - Walliser Bergf\u00fchrerverband\" \/>\n<meta property=\"og:url\" content=\"https:\/\/wbv-avgm.ch\/fr\/declaration-de-confidentialite\/\" \/>\n<meta property=\"og:site_name\" content=\"Walliser Bergf\u00fchrerverband\" \/>\n<meta property=\"article:modified_time\" content=\"2021-02-27T11:06:07+00:00\" \/>\n<meta name=\"twitter:card\" content=\"summary_large_image\" \/>\n<meta name=\"twitter:label1\" content=\"Dur\u00e9e de lecture estim\u00e9e\" \/>\n\t<meta name=\"twitter:data1\" content=\"5 minutes\" \/>\n<script type=\"application\/ld+json\" class=\"yoast-schema-graph\">{\"@context\":\"https:\\\/\\\/schema.org\",\"@graph\":[{\"@type\":\"WebPage\",\"@id\":\"https:\\\/\\\/wbv-avgm.ch\\\/fr\\\/declaration-de-confidentialite\\\/\",\"url\":\"https:\\\/\\\/wbv-avgm.ch\\\/fr\\\/declaration-de-confidentialite\\\/\",\"name\":\"D\u00e9claration de confidentialit\u00e9 - Walliser Bergf\u00fchrerverband\",\"isPartOf\":{\"@id\":\"https:\\\/\\\/wbv-avgm.ch\\\/fr\\\/#website\"},\"datePublished\":\"2021-02-26T11:06:02+00:00\",\"dateModified\":\"2021-02-27T11:06:07+00:00\",\"breadcrumb\":{\"@id\":\"https:\\\/\\\/wbv-avgm.ch\\\/fr\\\/declaration-de-confidentialite\\\/#breadcrumb\"},\"inLanguage\":\"fr-FR\",\"potentialAction\":[{\"@type\":\"ReadAction\",\"target\":[\"https:\\\/\\\/wbv-avgm.ch\\\/fr\\\/declaration-de-confidentialite\\\/\"]}]},{\"@type\":\"BreadcrumbList\",\"@id\":\"https:\\\/\\\/wbv-avgm.ch\\\/fr\\\/declaration-de-confidentialite\\\/#breadcrumb\",\"itemListElement\":[{\"@type\":\"ListItem\",\"position\":1,\"name\":\"Startseite\",\"item\":\"https:\\\/\\\/wbv-avgm.ch\\\/fr\\\/\"},{\"@type\":\"ListItem\",\"position\":2,\"name\":\"D\u00e9claration de confidentialit\u00e9\"}]},{\"@type\":\"WebSite\",\"@id\":\"https:\\\/\\\/wbv-avgm.ch\\\/fr\\\/#website\",\"url\":\"https:\\\/\\\/wbv-avgm.ch\\\/fr\\\/\",\"name\":\"Walliser Bergf\u00fchrerverband\",\"description\":\"Bergf\u00fchrer Wallis Schweiz\",\"publisher\":{\"@id\":\"https:\\\/\\\/wbv-avgm.ch\\\/fr\\\/#organization\"},\"potentialAction\":[{\"@type\":\"SearchAction\",\"target\":{\"@type\":\"EntryPoint\",\"urlTemplate\":\"https:\\\/\\\/wbv-avgm.ch\\\/fr\\\/?s={search_term_string}\"},\"query-input\":{\"@type\":\"PropertyValueSpecification\",\"valueRequired\":true,\"valueName\":\"search_term_string\"}}],\"inLanguage\":\"fr-FR\"},{\"@type\":\"Organization\",\"@id\":\"https:\\\/\\\/wbv-avgm.ch\\\/fr\\\/#organization\",\"name\":\"Walliser Bergf\u00fchrerverband\",\"url\":\"https:\\\/\\\/wbv-avgm.ch\\\/fr\\\/\",\"logo\":{\"@type\":\"ImageObject\",\"inLanguage\":\"fr-FR\",\"@id\":\"https:\\\/\\\/wbv-avgm.ch\\\/fr\\\/#\\\/schema\\\/logo\\\/image\\\/\",\"url\":\"https:\\\/\\\/wbv-avgm.ch\\\/wp-content\\\/uploads\\\/logo-wbv-avgm-rot-mit-initialen.svg\",\"contentUrl\":\"https:\\\/\\\/wbv-avgm.ch\\\/wp-content\\\/uploads\\\/logo-wbv-avgm-rot-mit-initialen.svg\",\"width\":290,\"height\":289,\"caption\":\"Walliser Bergf\u00fchrerverband\"},\"image\":{\"@id\":\"https:\\\/\\\/wbv-avgm.ch\\\/fr\\\/#\\\/schema\\\/logo\\\/image\\\/\"}}]}<\/script>\n<!-- \/ Yoast SEO plugin. -->","yoast_head_json":{"title":"D\u00e9claration de confidentialit\u00e9 - Walliser Bergf\u00fchrerverband","robots":{"index":"index","follow":"follow","max-snippet":"max-snippet:-1","max-image-preview":"max-image-preview:large","max-video-preview":"max-video-preview:-1"},"canonical":"https:\/\/wbv-avgm.ch\/fr\/declaration-de-confidentialite\/","og_locale":"fr_FR","og_type":"article","og_title":"D\u00e9claration de confidentialit\u00e9 - Walliser Bergf\u00fchrerverband","og_url":"https:\/\/wbv-avgm.ch\/fr\/declaration-de-confidentialite\/","og_site_name":"Walliser Bergf\u00fchrerverband","article_modified_time":"2021-02-27T11:06:07+00:00","twitter_card":"summary_large_image","twitter_misc":{"Dur\u00e9e de lecture estim\u00e9e":"5 minutes"},"schema":{"@context":"https:\/\/schema.org","@graph":[{"@type":"WebPage","@id":"https:\/\/wbv-avgm.ch\/fr\/declaration-de-confidentialite\/","url":"https:\/\/wbv-avgm.ch\/fr\/declaration-de-confidentialite\/","name":"D\u00e9claration de confidentialit\u00e9 - Walliser Bergf\u00fchrerverband","isPartOf":{"@id":"https:\/\/wbv-avgm.ch\/fr\/#website"},"datePublished":"2021-02-26T11:06:02+00:00","dateModified":"2021-02-27T11:06:07+00:00","breadcrumb":{"@id":"https:\/\/wbv-avgm.ch\/fr\/declaration-de-confidentialite\/#breadcrumb"},"inLanguage":"fr-FR","potentialAction":[{"@type":"ReadAction","target":["https:\/\/wbv-avgm.ch\/fr\/declaration-de-confidentialite\/"]}]},{"@type":"BreadcrumbList","@id":"https:\/\/wbv-avgm.ch\/fr\/declaration-de-confidentialite\/#breadcrumb","itemListElement":[{"@type":"ListItem","position":1,"name":"Startseite","item":"https:\/\/wbv-avgm.ch\/fr\/"},{"@type":"ListItem","position":2,"name":"D\u00e9claration de confidentialit\u00e9"}]},{"@type":"WebSite","@id":"https:\/\/wbv-avgm.ch\/fr\/#website","url":"https:\/\/wbv-avgm.ch\/fr\/","name":"Walliser Bergf\u00fchrerverband","description":"Bergf\u00fchrer Wallis Schweiz","publisher":{"@id":"https:\/\/wbv-avgm.ch\/fr\/#organization"},"potentialAction":[{"@type":"SearchAction","target":{"@type":"EntryPoint","urlTemplate":"https:\/\/wbv-avgm.ch\/fr\/?s={search_term_string}"},"query-input":{"@type":"PropertyValueSpecification","valueRequired":true,"valueName":"search_term_string"}}],"inLanguage":"fr-FR"},{"@type":"Organization","@id":"https:\/\/wbv-avgm.ch\/fr\/#organization","name":"Walliser Bergf\u00fchrerverband","url":"https:\/\/wbv-avgm.ch\/fr\/","logo":{"@type":"ImageObject","inLanguage":"fr-FR","@id":"https:\/\/wbv-avgm.ch\/fr\/#\/schema\/logo\/image\/","url":"https:\/\/wbv-avgm.ch\/wp-content\/uploads\/logo-wbv-avgm-rot-mit-initialen.svg","contentUrl":"https:\/\/wbv-avgm.ch\/wp-content\/uploads\/logo-wbv-avgm-rot-mit-initialen.svg","width":290,"height":289,"caption":"Walliser Bergf\u00fchrerverband"},"image":{"@id":"https:\/\/wbv-avgm.ch\/fr\/#\/schema\/logo\/image\/"}}]}},"_links":{"self":[{"href":"https:\/\/wbv-avgm.ch\/fr\/wp-json\/wp\/v2\/pages\/3097","targetHints":{"allow":["GET"]}}],"collection":[{"href":"https:\/\/wbv-avgm.ch\/fr\/wp-json\/wp\/v2\/pages"}],"about":[{"href":"https:\/\/wbv-avgm.ch\/fr\/wp-json\/wp\/v2\/types\/page"}],"author":[{"embeddable":true,"href":"https:\/\/wbv-avgm.ch\/fr\/wp-json\/wp\/v2\/users\/1771"}],"replies":[{"embeddable":true,"href":"https:\/\/wbv-avgm.ch\/fr\/wp-json\/wp\/v2\/comments?post=3097"}],"version-history":[{"count":5,"href":"https:\/\/wbv-avgm.ch\/fr\/wp-json\/wp\/v2\/pages\/3097\/revisions"}],"predecessor-version":[{"id":3129,"href":"https:\/\/wbv-avgm.ch\/fr\/wp-json\/wp\/v2\/pages\/3097\/revisions\/3129"}],"wp:attachment":[{"href":"https:\/\/wbv-avgm.ch\/fr\/wp-json\/wp\/v2\/media?parent=3097"}],"curies":[{"name":"wp","href":"https:\/\/api.w.org\/{rel}","templated":true}]}}